{"id":1695,"date":"2023-06-01T15:45:24","date_gmt":"2023-06-01T13:45:24","guid":{"rendered":"https:\/\/hytte.sveumdesign.no\/forside\/"},"modified":"2025-10-27T12:00:29","modified_gmt":"2025-10-27T11:00:29","slug":"forside","status":"publish","type":"page","link":"https:\/\/hyttesenter.com\/de\/","title":{"rendered":"Borgund Hyttesenter &#038; Camping heissen sie herzlich willkommen"},"content":{"rendered":"<h2>Der K\u00f6nigsweg \u00fcber Filefjell<\/h2>\n<p>Der K\u00f6nigsweg \u00fcber Filefjell f\u00fchrt durch Borgund Hyttesenter und Camping, das sich direkt neben den spektakul\u00e4rsten Wanderungen auf dieser Seite des Berges befindet. Vindhellevegen ist nur 1,5 km und Sverrestien 1,8 km entfernt. Diese Wanderungen sind Rundwanderungen und dauern insgesamt ca. 3 Stunden. Ein beliebter Weg, den viele w\u00e4hlen, beginnt mit Vindhellavegen und f\u00fchrt Sie zur ehemaligen Autobahn E16 in Rimskjold, wo Sie 100 m \u00f6stlich bis zum Hinweisschild auf den Beginn von Sverrestien weiterfahren und diesen Weg hinunter zur Stabkirche Borgund folgen.<\/p>\n<p>Eine weitere Rundreise startet in Sjurhaugfossen. Diese Route f\u00fchrt Sie entlang der Kings Road auf den alten Bauernhof Galdane, wo Sie hautnah miterleben k\u00f6nnen, wie die Menschen fr\u00fcher lebten. Weiter entlang des Flusses bis zur Selthunbr\u00fccke, Richtung Osten auf dem Wanderweg nach Koren. Biegen Sie rechts ab und genie\u00dfen Sie die Aussicht von Bergenske Postvei, bevor Sie an der ehemaligen Autobahn E16 enden.<\/p>\n<p>Obwohl diese Wanderungen an einem Tag durchgef\u00fchrt werden k\u00f6nnen, empfehlen wir zwei.<br \/>\nIm Borgund Hyttesenter und Camping k\u00f6nnen Sie nach einem anstrengenden Wandertag ein wohlverdientes Abendessen genie\u00dfen.<\/p>\n<p>Kontaktieren Sie uns, wenn Sie eine Kabine buchen m\u00f6chten, oder rufen Sie uns an unter\u00a0<a href=\"tel:+4790620859\">+47 906 20 859<\/a>.<\/p>\n<p>Brosch\u00fcren und weitere Informationen erhalten Sie bei Borgund Hyttesenter und Camping.<\/p>\n<p>Kostenloses WLAN.<\/p>\n<p>Genie\u00dfen Sie Ihre Erfahrung auf der Der K\u00f6nigsweg \u00fcber Filefjell!<\/p>\n","protected":false},"excerpt":{"rendered":"<p>H\u00fctte \u2013 Imbissbude \u2013 Campingplatz \u2013 Zelt \u2013 Spielplatz \u2013 Angeln<\/p>\n","protected":false},"author":1,"featured_media":1255,"parent":0,"menu_order":0,"comment_status":"closed","ping_status":"closed","template":"","meta":{"_acf_changed":false,"footnotes":""},"class_list":["post-1695","page","type-page","status-publish","has-post-thumbnail","hentry"],"acf":[],"_links":{"self":[{"href":"https:\/\/hyttesenter.com\/de\/wp-json\/wp\/v2\/pages\/1695","targetHints":{"allow":["GET"]}}],"collection":[{"href":"https:\/\/hyttesenter.com\/de\/wp-json\/wp\/v2\/pages"}],"about":[{"href":"https:\/\/hyttesenter.com\/de\/wp-json\/wp\/v2\/types\/page"}],"author":[{"embeddable":true,"href":"https:\/\/hyttesenter.com\/de\/wp-json\/wp\/v2\/users\/1"}],"replies":[{"embeddable":true,"href":"https:\/\/hyttesenter.com\/de\/wp-json\/wp\/v2\/comments?post=1695"}],"version-history":[{"count":7,"href":"https:\/\/hyttesenter.com\/de\/wp-json\/wp\/v2\/pages\/1695\/revisions"}],"predecessor-version":[{"id":1832,"href":"https:\/\/hyttesenter.com\/de\/wp-json\/wp\/v2\/pages\/1695\/revisions\/1832"}],"wp:featuredmedia":[{"embeddable":true,"href":"https:\/\/hyttesenter.com\/de\/wp-json\/wp\/v2\/media\/1255"}],"wp:attachment":[{"href":"https:\/\/hyttesenter.com\/de\/wp-json\/wp\/v2\/media?parent=1695"}],"curies":[{"name":"wp","href":"https:\/\/api.w.org\/{rel}","templated":true}]}}