{"id":1740,"date":"2023-08-08T11:56:26","date_gmt":"2023-08-08T09:56:26","guid":{"rendered":"https:\/\/hytte.sveumdesign.no\/ausfluege-zum-wandern\/"},"modified":"2023-08-08T15:58:26","modified_gmt":"2023-08-08T13:58:26","slug":"trips-for-walking","status":"publish","type":"page","link":"https:\/\/hyttesenter.com\/en\/trips-for-walking\/","title":{"rendered":"Trips for walking"},"content":{"rendered":"<p><img fetchpriority=\"high\" decoding=\"async\" class=\"alignnone wp-image-1535\" src=\"https:\/\/hytte.sveumdesign.no\/wp-content\/uploads\/2023\/08\/TURVEGAR-I-BORGUND.jpg\" alt=\"\" width=\"655\" height=\"614\" title=\"\" srcset=\"https:\/\/hyttesenter.com\/wp-content\/uploads\/2023\/08\/TURVEGAR-I-BORGUND.jpg 418w, https:\/\/hyttesenter.com\/wp-content\/uploads\/2023\/08\/TURVEGAR-I-BORGUND-300x281.jpg 300w\" sizes=\"(max-width: 655px) 100vw, 655px\" \/><\/p>\n<p>Last ned som PDF: <a href=\"https:\/\/hytte.sveumdesign.no\/wp-content\/uploads\/2023\/08\/TURVEGAR-I-BORGUND.pdf\" target=\"_blank\" rel=\"noopener\">TURVEGAR-I-BORGUND<\/a><\/p>\n<h2>A: Voldum \u2013 Voldast\u00f8len<\/h2>\n<p><strong>Distanse ca. 1 km, H\u00f8gdeskilnad ca. 250 meter. Turtid oppover ca. 1 time, ca \u00be time nedover.<\/strong><\/p>\n<p>Ruta har bratte parti med steinete underlag. Krev gode sko. Bruk gjerne stavar.<\/p>\n<p>Merkinga startar ved campingplassen. Ruta g\u00e5r gjennom Voldum gardstun og langs innmarksgjerdet gjennom ei grind. Hugs \u00e5 late att grinda. Vidare g\u00e5r stien langs gjerde ca. 200 meter; merka med steinvardar, svingar til h\u00f8gre litt bratt oppover langs elva. Kryssar over elva ved ein liten kulp. Herifr\u00e5 blir det brattare, steintrappetrinn enkelte stader. Ruta g\u00e5r i slyng p\u00e5 s\u00f8rsida av elva. Etter ca. \u00be av ruta ta avstikkar til venstre (merka) til 2 murar etter utmarksl\u00f8er. Tilbake p\u00e5 stien passerar du etter kort tid ein ny mur av utmarkshus. St\u00f8lshusa p\u00e5 Voldast\u00f8len er forfalne; det er restar etter fj\u00f8s. I nyare tid er det sett opp ei jakthytte.<\/p>\n<p>Fr\u00e5 Voldast\u00f8len er det rute s\u00f8rover til Nedre Liast\u00f8l og \u00d8vre Liast\u00f8l.<\/p>\n<h2>Rute B: Li gard \u2013 Nedre Liast\u00f8l.<\/h2>\n<p><strong>Distanse ca. 1,5 km. H\u00f8gdeskilnad ca. 400 meter. Turtid popover ca. 1 \u00bd time, ca. 1 time nedover.<\/strong><\/p>\n<p>Ruta startar fra gardsvegen opp til Li gard, merka. Sving til h\u00f8gre i gardstunet nordover p\u00e5 tidlegare dyrka mark. Etter ca. 200 meter g\u00e5r stien inn i skogen, noko ujamn sti i starten, men seinare relativ god sti. Nokre partier litt bratte.<\/p>\n<h2>Rute C: Voldast\u00f8len \u2013 Nedre Liast\u00f8l<\/h2>\n<p><strong>Distanse ca. 0,9 km. H\u00f8gdeskilnad ca. 150 meter. Turtid oppover ca. \u00be time, ca. \u00bd time nedover.<\/strong><\/p>\n<p>Ruta er noko lettare enn rute A. Ruta g\u00e5r s\u00f8rover fra Voldast\u00f8len og kryssar ein steingard, relativ flatt i starten med eit litt bratt parti i midten, flatare i siste delen. Jamn bra stibotn.. Nedre Liast\u00f8l var heimest\u00f8l (v\u00e5r- og haust-st\u00f8l) for gardane Li og Li\u00f8yni.St\u00f8lshusa er her forfalne, det er bygningar og murar av tilsaman 4 hus. Liast\u00f8len var i brukt til 1945.<\/p>\n<h2>Rute D: Nedre Liast\u00f8l \u2013 \u00d8vre Liast\u00f8l.<\/h2>\n<p><strong>Distanse ca. 1,0 km. H\u00f8gdeskilnad ca. 200 meter. Turtid oppover ca \u00be time, ca. \u00bd time nedover. <\/strong><\/p>\n<p>Ruta g\u00e5r vestover fra Nedre Liast\u00f8l, ei bratt kneik i starten, sidan litt flatt f\u00f8r ruta g\u00e5r i fine slyng oppover i skogen. Ca. 5 min f\u00f8r st\u00f8len krysses ei elv\/bekk; straks etter er ein oppe over skoggrensa p\u00e5 ei flate og det er kort veg bort til murane etter st\u00f8lshusa.<\/p>\n<p><strong>\u00d8vre Liast\u00f8l. Fjellst\u00f8len <\/strong><\/p>\n<p>\u00d8vre Liast\u00f8l har ikkje vore i bruk p\u00e5 sv\u00e6rt lenge. Her er fleire murar som viser at det har vore fleire brukarar som for eksempel husmennene p\u00e5 garden Kyrkjevoll. P\u00e5 st\u00f8len var det relativt store grasomr\u00e5der som vart slege, og foret vart kl\u00f8vja heim med hest. Mykje vart og bore p\u00e5 ryggen.<\/p>\n<h2>Rute E: Stavkyrkja &#8211; Husumst\u00f8len<\/h2>\n<p><strong>Distanse ca. 1, 8 km opp. H\u00f8gdeskilnad ca 350 meter. Turtid oppover ca. 1 \u00bd time, noko mindre nedover.<br \/>\n<\/strong><strong>Terreng: Traktorveg og god merka sti<\/strong><\/p>\n<p>Parker ved parkeringsplassen ved Stavkyrkjesenteret. H\u00f8gd over havet 400 m. F\u00f8lg vegen s\u00f8rover mot nyekyrkja. P\u00e5 s\u00f8rsida av kyrkja er det ei grind og skilt \u201dHusumst\u00f8len\u201d. Hugs \u00e5 lat att grinda og andre grindar som du seinare g\u00e5r gjennom. F\u00f8lg merking (raudt) p\u00e5 oversida av gjerdet til stavkyrkja og du kjem straks inn p\u00e5 Sverrestien og f\u00f8lg denne mot nord. Inn p\u00e5 p\u00e5 Vindhellavegen (10 min), f\u00f8lg denne s\u00f8rvestover til Vindhellaskaret (15 min). Her st\u00e5r det 2 skilt, \u201dHusumst\u00f8len\u201d og \u201d\u00d8vre Liast\u00f8l\u201d.<\/p>\n<p>Alternativ parkering og start fr\u00e5 Rimskjold og opp Vindhellavegen til Vindhellaskaret (15 min).<\/p>\n<p>Fr\u00e5 Vindhellaskaret g\u00e5r stien (raudmerka) i slyng bratt opp til eit lite plat\u00e5 (20 min). Her tek du h\u00f8gre ned ein liten bakke f\u00f8r stien g\u00e5r litt opp og s\u00e5 relativt flatt under ein markert hammar. Etter ca.30 min (h\u00f8gd 550 m) er det restar etter ein l\u00f8emur for h\u00f8ysl\u00e5tt i omr\u00e5det. H\u00f8yet vart truleg sendt ned til garden p\u00e5 l\u00f8ypestreng. Stien fortset oppover i fleire plat\u00e5; f\u00f8rst stigning, s\u00e5 flatt eit stykke f\u00f8r det same gjentek seg. Plat\u00e5 1 etter ca. 35 min (h\u00f8gd 560m), plat\u00e5 2 etter ca. 40 min (h\u00f8gd 625m), plat\u00e5 3 etter ca. 45 min (h\u00f8gd 710 m). Etter ca. 50 min. flatar terrenget ut til eit st\u00f8rre plat\u00e5 og du er ved murane etter Husumst\u00f8len (h\u00f8gd 750m). Her er relativt store flate omr\u00e5der med god grasvekst. Ta deg tid til \u00e5 rusle rundt til dei mange bygningsrestane og ikkje minst nyt utsikta!<\/p>\n<p>Det er lite informasjon om bruken av desse bygningane. I bygdaboka for Borgund under garden Kj\u00f8rkjevoll st\u00e5r det: \u201d Det var elles ein st\u00f8l \u201dAosen\u201d p\u00e5 nordsida i grensa mot Huso. Denne var felles med Huso og har vore nytta av husmennene p\u00e5 garden\u201d. Det er ikkje utenkjeleg at her i eldre tider har vore ein husmannsplass f\u00f8r den endra bruk til st\u00f8l. Blant bygdafolk blir det fortalt at her har vore halde bryllup i husmannstida.<\/p>\n<h2>Rute F: \u00d8vre Liast\u00f8l \u2013 Vatningsveit.<\/h2>\n<p><strong>Distanse ca. 1 km. H\u00f8gdeskilnad ca. 200 meter. Turtid oppver ca. \u00bd time, noko mindre nedover.<\/strong><\/p>\n<p>Ruta g\u00e5r s\u00f8rover fra st\u00f8len opp p\u00e5 fjellryggen \u00c5sen. Etter ca. 200 meter eit stikryss der sti g\u00e5r til venstre til Husumst\u00f8len. Stien til vatningsveita g\u00e5r rett fram, p\u00e5 s\u00f8rsida av fjellryggen og sidan opp p\u00e5 sj\u00f8lve ryggen. Fr\u00e5 toppunktet 1178 m fortsett litt innover fjellet og du ser spor etter vatningsveita, f\u00f8rst p\u00e5 venstre sida, sidan oppover mot vatna i \u00d8ygardsbotnen.<\/p>\n<h2>Rute G: Husumst\u00f8len \u2013 \u00d8vre Liast\u00f8l<\/h2>\n<p><strong>Distanse opp ca. 1,5 km, H\u00f8gdeskilnad ca. 250 meter. Turtid oppover ca. 45 min.<\/strong><\/p>\n<p>Stien vidare til \u00d8vre Liast\u00f8l g\u00e5r nordover, skilta. Det er mange h\u00f8yl\u00f8emurar i fjellsida. Etter ca. 3 min (totalt 53 min) er det skilt som syner vegen (150 m) til ein slik mur. Terrenget vidare oppover er flatare og lettare \u00e5 g\u00e5 enn opp til Husumst\u00f8len. Det er god grasvekst s\u00e5 det har nok vore rimeleg god sl\u00e5ttemark her i eldre tider. I dag eit flott omr\u00e5de for hjorten. Etter ca. 4 min (totalt 57 min) ny mur p\u00e5 h\u00f8gre sida. Etter totalt ca. 65 min l\u00f8emur nr. 3. Her gjer stien ein skarp sving til venstre. Etter 70 min svingar stien til h\u00f8gre og flatt bortover til den kryssar ei lita ur og stigninga opp mot \u00d8vre Liast\u00f8l. Etter 85 min stikryss (h\u00f8gd 1000 m); til venstre \u201dVatningsveiter\u201d, til h\u00f8gre \u201d\u00d8vre Liast\u00f8l\u201d (h\u00f8gd 990 m), som du ser p\u00e5 det \u00e5pne omr\u00e5det. Det tek berre nokre minutt ned dit. Her er det flott utsikt oppover dalen og over p\u00e5 andre sida med st\u00f8lane R\u00f8ssli, Dekkene, Leikvoll, Kyrkjevollst\u00f8l. Fjelltoppane \u201dGrytingen\u201d og \u201dBringe\u201d med Vasetdammen midt i mellom.<\/p>\n<p>Fr\u00e5 skiltet \u201dvatningsveiter\u201d er det merka sti til \u00d8ygardsbotn (h\u00f8gd ca. 1200 m) og vatningsveit. Vatningsveita leier vatn fr\u00e5 sm\u00e5vatna i \u00d8ygardsbotn til Husum gard. I vestsida av botnen er det ein liten dam som demmer opp ei sideelv til elva Drosingen. Det var stor ettersp\u00f8rsel etter vatnet fr\u00e5 \u00d8ygardsbotnen fr\u00e5 gardane nede i dalen. Det blir fortalt at b\u00f8ndene reiste til fjells om natta og leida vatnet til kvarandre.<\/p>\n<p>Fr\u00e5 \u00d8vre Liast\u00f8l g\u00e5r det merka sti nordover til Nedre Liast\u00f8l og vidare til garden Li, ca. 1 \u00bd times gang. Dette er ein fin rundtur. Fr\u00e5 Nedre Liast\u00f8l er det alternativ til Nedre Voldast\u00f8len og garden Voldum (Borgund hyttesenter).<\/p>\n<p>Copy right: \u00c5ge \u00c5rdal, tlf. 95143872<\/p>\n","protected":false},"excerpt":{"rendered":"<p>Turvegar i Borgund<\/p>\n","protected":false},"author":1,"featured_media":0,"parent":0,"menu_order":0,"comment_status":"closed","ping_status":"closed","template":"","meta":{"_acf_changed":false,"footnotes":""},"class_list":["post-1740","page","type-page","status-publish","hentry"],"acf":[],"_links":{"self":[{"href":"https:\/\/hyttesenter.com\/en\/wp-json\/wp\/v2\/pages\/1740","targetHints":{"allow":["GET"]}}],"collection":[{"href":"https:\/\/hyttesenter.com\/en\/wp-json\/wp\/v2\/pages"}],"about":[{"href":"https:\/\/hyttesenter.com\/en\/wp-json\/wp\/v2\/types\/page"}],"author":[{"embeddable":true,"href":"https:\/\/hyttesenter.com\/en\/wp-json\/wp\/v2\/users\/1"}],"replies":[{"embeddable":true,"href":"https:\/\/hyttesenter.com\/en\/wp-json\/wp\/v2\/comments?post=1740"}],"version-history":[{"count":3,"href":"https:\/\/hyttesenter.com\/en\/wp-json\/wp\/v2\/pages\/1740\/revisions"}],"predecessor-version":[{"id":1743,"href":"https:\/\/hyttesenter.com\/en\/wp-json\/wp\/v2\/pages\/1740\/revisions\/1743"}],"wp:attachment":[{"href":"https:\/\/hyttesenter.com\/en\/wp-json\/wp\/v2\/media?parent=1740"}],"curies":[{"name":"wp","href":"https:\/\/api.w.org\/{rel}","templated":true}]}}